{"id":179,"date":"2024-02-05T11:37:46","date_gmt":"2024-02-05T11:37:46","guid":{"rendered":"https:\/\/www.bc-handelsgmbh.de\/?page_id=179"},"modified":"2025-08-04T08:32:09","modified_gmt":"2025-08-04T07:32:09","slug":"impressum","status":"publish","type":"page","link":"https:\/\/www.bc-handelsgmbh.de\/index.php\/impressum\/","title":{"rendered":"Impressum"},"content":{"rendered":"\t\t<div data-elementor-type=\"wp-page\" data-elementor-id=\"179\" class=\"elementor elementor-179\" data-elementor-post-type=\"page\">\n\t\t\t\t<div class=\"elementor-element elementor-element-046ecdb e-flex e-con-boxed e-con e-parent\" data-id=\"046ecdb\" data-element_type=\"container\" data-e-type=\"container\">\n\t\t\t\t\t<div class=\"e-con-inner\">\n\t\t\t\t<div class=\"elementor-element elementor-element-665e87a elementor-widget elementor-widget-spacer\" data-id=\"665e87a\" data-element_type=\"widget\" data-e-type=\"widget\" data-widget_type=\"spacer.default\">\n\t\t\t\t<div class=\"elementor-widget-container\">\n\t\t\t\t\t\t\t<div class=\"elementor-spacer\">\n\t\t\t<div class=\"elementor-spacer-inner\"><\/div>\n\t\t<\/div>\n\t\t\t\t\t\t<\/div>\n\t\t\t\t<\/div>\n\t\t\t\t<div class=\"elementor-element elementor-element-a94e830 elementor-widget elementor-widget-heading\" data-id=\"a94e830\" data-element_type=\"widget\" data-e-type=\"widget\" data-widget_type=\"heading.default\">\n\t\t\t\t<div class=\"elementor-widget-container\">\n\t\t\t\t\t<h2 class=\"elementor-heading-title elementor-size-default\">Impressum<\/h2>\t\t\t\t<\/div>\n\t\t\t\t<\/div>\n\t\t\t\t<div class=\"elementor-element elementor-element-2ae7352 elementor-widget elementor-widget-text-editor\" data-id=\"2ae7352\" data-element_type=\"widget\" data-e-type=\"widget\" data-widget_type=\"text-editor.default\">\n\t\t\t\t<div class=\"elementor-widget-container\">\n\t\t\t\t\t\t\t\t\t<p>B &amp; C Handels GmbH<br \/>Prote-Stra\u00dfburg-Weg 10<br \/>27243 Colnrade<\/p><p><strong>Vertreten durch:<\/strong><\/p><p>Gesch\u00e4ftsf\u00fchrerin Corinna Dullin<br \/>Amtsgericht Oldenburg, HRB 217336<br \/>Ust- ID: DE347621888<\/p><h2>Kontakt<\/h2><p>Telefon: 04434 205 412<br \/>Mobil:0151 1692 4937<br \/>E-Mail: info@bc-handelsgmbh.de<\/p><h2>Verbraucher\u00adstreit\u00adbeilegung\/Universal\u00adschlichtungs\u00adstelle<\/h2><p>Wir sind nicht bereit oder verpflichtet, an Streitbeilegungsverfahren vor einer Verbraucherschlichtungsstelle teilzunehmen.<\/p><h2>F\u00f6rderung<\/h2><div class=\"elementor-element elementor-element-df123a0 elementor-widget elementor-widget-text-editor\" data-id=\"df123a0\" data-element_type=\"widget\" data-widget_type=\"text-editor.default\"><div class=\"elementor-widget-container\"><div class=\"elementor-text-editor elementor-clearfix\"><p>Die Erstellung dieser Internetseite wurde durch den EU-Strukturfonds und den Landkreis Oldenburg gef\u00f6rdert und von der\u00a0<a href=\"http:\/\/www.wlo.de\/\">WLO<\/a>\u00a0unterst\u00fctzt.<\/p><p><a href=\"http:\/\/wlo.de\" target=\"_blank\" rel=\"noopener\"><img fetchpriority=\"high\" decoding=\"async\" class=\"attachment-medium_large alignnone wp-image-774 size-medium\" src=\"https:\/\/www.bc-handelsgmbh.de\/wp-content\/uploads\/2024\/02\/KOM-zur-Veroeffentlichung-auf-Ihrer-Homepage_neues-Logo-768x525-1-300x205.png\" alt=\"\" width=\"300\" height=\"205\" srcset=\"https:\/\/www.bc-handelsgmbh.de\/wp-content\/uploads\/2024\/02\/KOM-zur-Veroeffentlichung-auf-Ihrer-Homepage_neues-Logo-768x525-1-300x205.png 300w, https:\/\/www.bc-handelsgmbh.de\/wp-content\/uploads\/2024\/02\/KOM-zur-Veroeffentlichung-auf-Ihrer-Homepage_neues-Logo-768x525-1.png 768w\" sizes=\"(max-width: 300px) 100vw, 300px\" \/><\/a><\/p><\/div><\/div><\/div>\t\t\t\t\t\t\t\t<\/div>\n\t\t\t\t<\/div>\n\t\t\t\t<div class=\"elementor-element elementor-element-fc35951 elementor-widget elementor-widget-spacer\" data-id=\"fc35951\" data-element_type=\"widget\" data-e-type=\"widget\" data-widget_type=\"spacer.default\">\n\t\t\t\t<div class=\"elementor-widget-container\">\n\t\t\t\t\t\t\t<div class=\"elementor-spacer\">\n\t\t\t<div class=\"elementor-spacer-inner\"><\/div>\n\t\t<\/div>\n\t\t\t\t\t\t<\/div>\n\t\t\t\t<\/div>\n\t\t\t\t\t<\/div>\n\t\t\t\t<\/div>\n\t\t\t\t<\/div>\n\t\t","protected":false},"excerpt":{"rendered":"<p>Impressum B &amp; C Handels GmbHProte-Stra\u00dfburg-Weg 1027243 Colnrade Vertreten durch: Gesch\u00e4ftsf\u00fchrerin Corinna DullinAmtsgericht Oldenburg, HRB 217336Ust- ID: DE347621888 Kontakt Telefon: 04434 205 412Mobil:0151 1692 4937E-Mail: info@bc-handelsgmbh.de Verbraucher\u00adstreit\u00adbeilegung\/Universal\u00adschlichtungs\u00adstelle Wir sind nicht bereit oder verpflichtet, an Streitbeilegungsverfahren vor einer Verbraucherschlichtungsstelle teilzunehmen. F\u00f6rderung Die Erstellung dieser Internetseite wurde durch den EU-Strukturfonds und den Landkreis Oldenburg gef\u00f6rdert und von [&hellip;]<\/p>\n","protected":false},"author":1,"featured_media":0,"parent":0,"menu_order":0,"comment_status":"closed","ping_status":"closed","template":"","meta":{"footnotes":""},"class_list":["post-179","page","type-page","status-publish","hentry"],"yoast_head":"<!-- This site is optimized with the Yoast SEO plugin v25.6 - https:\/\/yoast.com\/wordpress\/plugins\/seo\/ -->\n<title>B&amp;C Handels GmbH | Impressum<\/title>\n<meta name=\"description\" content=\"Reinigung &amp; Hygiene - Schutzausr\u00fcstung - Sicherheitsstandards - Desinfektion - Masken - Gesichtsschutz - Schutzbrillen - Handschuhe\" \/>\n<meta name=\"robots\" content=\"index, follow, max-snippet:-1, max-image-preview:large, max-video-preview:-1\" \/>\n<link rel=\"canonical\" href=\"https:\/\/www.bc-handelsgmbh.de\/index.php\/impressum\/\" \/>\n<meta property=\"og:locale\" content=\"de_DE\" \/>\n<meta property=\"og:type\" content=\"article\" \/>\n<meta property=\"og:title\" content=\"B&amp;C Handels GmbH | Impressum\" \/>\n<meta property=\"og:description\" content=\"Reinigung &amp; Hygiene - Schutzausr\u00fcstung - Sicherheitsstandards - Desinfektion - Masken - Gesichtsschutz - Schutzbrillen - Handschuhe\" \/>\n<meta property=\"og:url\" content=\"https:\/\/www.bc-handelsgmbh.de\/index.php\/impressum\/\" \/>\n<meta property=\"og:site_name\" content=\"B&amp;C Handels GmbH\" \/>\n<meta property=\"article:modified_time\" content=\"2025-08-04T07:32:09+00:00\" \/>\n<meta property=\"og:image\" content=\"https:\/\/www.bc-handelsgmbh.de\/wp-content\/uploads\/2024\/02\/KOM-zur-Veroeffentlichung-auf-Ihrer-Homepage_neues-Logo-768x525-1.png\" \/>\n\t<meta property=\"og:image:width\" content=\"768\" \/>\n\t<meta property=\"og:image:height\" content=\"525\" \/>\n\t<meta property=\"og:image:type\" content=\"image\/png\" \/>\n<meta name=\"twitter:card\" content=\"summary_large_image\" \/>\n<meta name=\"twitter:label1\" content=\"Gesch\u00e4tzte Lesezeit\" \/>\n\t<meta name=\"twitter:data1\" content=\"1 Minute\" \/>\n<script type=\"application\/ld+json\" class=\"yoast-schema-graph\">{\"@context\":\"https:\/\/schema.org\",\"@graph\":[{\"@type\":\"WebPage\",\"@id\":\"https:\/\/www.bc-handelsgmbh.de\/index.php\/impressum\/\",\"url\":\"https:\/\/www.bc-handelsgmbh.de\/index.php\/impressum\/\",\"name\":\"B&C Handels GmbH | Impressum\",\"isPartOf\":{\"@id\":\"https:\/\/www.bc-handelsgmbh.de\/#website\"},\"primaryImageOfPage\":{\"@id\":\"https:\/\/www.bc-handelsgmbh.de\/index.php\/impressum\/#primaryimage\"},\"image\":{\"@id\":\"https:\/\/www.bc-handelsgmbh.de\/index.php\/impressum\/#primaryimage\"},\"thumbnailUrl\":\"https:\/\/www.bc-handelsgmbh.de\/wp-content\/uploads\/2024\/02\/KOM-zur-Veroeffentlichung-auf-Ihrer-Homepage_neues-Logo-768x525-1-300x205.png\",\"datePublished\":\"2024-02-05T11:37:46+00:00\",\"dateModified\":\"2025-08-04T07:32:09+00:00\",\"description\":\"Reinigung & Hygiene - Schutzausr\u00fcstung - Sicherheitsstandards - Desinfektion - Masken - Gesichtsschutz - Schutzbrillen - Handschuhe\",\"breadcrumb\":{\"@id\":\"https:\/\/www.bc-handelsgmbh.de\/index.php\/impressum\/#breadcrumb\"},\"inLanguage\":\"de-DE\",\"potentialAction\":[{\"@type\":\"ReadAction\",\"target\":[\"https:\/\/www.bc-handelsgmbh.de\/index.php\/impressum\/\"]}]},{\"@type\":\"ImageObject\",\"inLanguage\":\"de-DE\",\"@id\":\"https:\/\/www.bc-handelsgmbh.de\/index.php\/impressum\/#primaryimage\",\"url\":\"https:\/\/www.bc-handelsgmbh.de\/wp-content\/uploads\/2024\/02\/KOM-zur-Veroeffentlichung-auf-Ihrer-Homepage_neues-Logo-768x525-1.png\",\"contentUrl\":\"https:\/\/www.bc-handelsgmbh.de\/wp-content\/uploads\/2024\/02\/KOM-zur-Veroeffentlichung-auf-Ihrer-Homepage_neues-Logo-768x525-1.png\",\"width\":768,\"height\":525},{\"@type\":\"BreadcrumbList\",\"@id\":\"https:\/\/www.bc-handelsgmbh.de\/index.php\/impressum\/#breadcrumb\",\"itemListElement\":[{\"@type\":\"ListItem\",\"position\":1,\"name\":\"Startseite\",\"item\":\"https:\/\/www.bc-handelsgmbh.de\/\"},{\"@type\":\"ListItem\",\"position\":2,\"name\":\"Impressum\"}]},{\"@type\":\"WebSite\",\"@id\":\"https:\/\/www.bc-handelsgmbh.de\/#website\",\"url\":\"https:\/\/www.bc-handelsgmbh.de\/\",\"name\":\"B&amp;C Handels GmbH\",\"description\":\"\",\"publisher\":{\"@id\":\"https:\/\/www.bc-handelsgmbh.de\/#organization\"},\"potentialAction\":[{\"@type\":\"SearchAction\",\"target\":{\"@type\":\"EntryPoint\",\"urlTemplate\":\"https:\/\/www.bc-handelsgmbh.de\/?s={search_term_string}\"},\"query-input\":{\"@type\":\"PropertyValueSpecification\",\"valueRequired\":true,\"valueName\":\"search_term_string\"}}],\"inLanguage\":\"de-DE\"},{\"@type\":\"Organization\",\"@id\":\"https:\/\/www.bc-handelsgmbh.de\/#organization\",\"name\":\"B&amp;C Handels GmbH\",\"url\":\"https:\/\/www.bc-handelsgmbh.de\/\",\"logo\":{\"@type\":\"ImageObject\",\"inLanguage\":\"de-DE\",\"@id\":\"https:\/\/www.bc-handelsgmbh.de\/#\/schema\/logo\/image\/\",\"url\":\"https:\/\/www.bc-handelsgmbh.de\/wp-content\/uploads\/2024\/01\/BC_Logo_DRD.png\",\"contentUrl\":\"https:\/\/www.bc-handelsgmbh.de\/wp-content\/uploads\/2024\/01\/BC_Logo_DRD.png\",\"width\":640,\"height\":248,\"caption\":\"B&amp;C Handels GmbH\"},\"image\":{\"@id\":\"https:\/\/www.bc-handelsgmbh.de\/#\/schema\/logo\/image\/\"}}]}<\/script>\n<!-- \/ Yoast SEO plugin. -->","yoast_head_json":{"title":"B&C Handels GmbH | Impressum","description":"Reinigung & Hygiene - Schutzausr\u00fcstung - Sicherheitsstandards - Desinfektion - Masken - Gesichtsschutz - Schutzbrillen - Handschuhe","robots":{"index":"index","follow":"follow","max-snippet":"max-snippet:-1","max-image-preview":"max-image-preview:large","max-video-preview":"max-video-preview:-1"},"canonical":"https:\/\/www.bc-handelsgmbh.de\/index.php\/impressum\/","og_locale":"de_DE","og_type":"article","og_title":"B&C Handels GmbH | Impressum","og_description":"Reinigung & Hygiene - Schutzausr\u00fcstung - Sicherheitsstandards - Desinfektion - Masken - Gesichtsschutz - Schutzbrillen - Handschuhe","og_url":"https:\/\/www.bc-handelsgmbh.de\/index.php\/impressum\/","og_site_name":"B&amp;C Handels GmbH","article_modified_time":"2025-08-04T07:32:09+00:00","og_image":[{"width":768,"height":525,"url":"https:\/\/www.bc-handelsgmbh.de\/wp-content\/uploads\/2024\/02\/KOM-zur-Veroeffentlichung-auf-Ihrer-Homepage_neues-Logo-768x525-1.png","type":"image\/png"}],"twitter_card":"summary_large_image","twitter_misc":{"Gesch\u00e4tzte Lesezeit":"1 Minute"},"schema":{"@context":"https:\/\/schema.org","@graph":[{"@type":"WebPage","@id":"https:\/\/www.bc-handelsgmbh.de\/index.php\/impressum\/","url":"https:\/\/www.bc-handelsgmbh.de\/index.php\/impressum\/","name":"B&C Handels GmbH | Impressum","isPartOf":{"@id":"https:\/\/www.bc-handelsgmbh.de\/#website"},"primaryImageOfPage":{"@id":"https:\/\/www.bc-handelsgmbh.de\/index.php\/impressum\/#primaryimage"},"image":{"@id":"https:\/\/www.bc-handelsgmbh.de\/index.php\/impressum\/#primaryimage"},"thumbnailUrl":"https:\/\/www.bc-handelsgmbh.de\/wp-content\/uploads\/2024\/02\/KOM-zur-Veroeffentlichung-auf-Ihrer-Homepage_neues-Logo-768x525-1-300x205.png","datePublished":"2024-02-05T11:37:46+00:00","dateModified":"2025-08-04T07:32:09+00:00","description":"Reinigung & Hygiene - Schutzausr\u00fcstung - Sicherheitsstandards - Desinfektion - Masken - Gesichtsschutz - Schutzbrillen - Handschuhe","breadcrumb":{"@id":"https:\/\/www.bc-handelsgmbh.de\/index.php\/impressum\/#breadcrumb"},"inLanguage":"de-DE","potentialAction":[{"@type":"ReadAction","target":["https:\/\/www.bc-handelsgmbh.de\/index.php\/impressum\/"]}]},{"@type":"ImageObject","inLanguage":"de-DE","@id":"https:\/\/www.bc-handelsgmbh.de\/index.php\/impressum\/#primaryimage","url":"https:\/\/www.bc-handelsgmbh.de\/wp-content\/uploads\/2024\/02\/KOM-zur-Veroeffentlichung-auf-Ihrer-Homepage_neues-Logo-768x525-1.png","contentUrl":"https:\/\/www.bc-handelsgmbh.de\/wp-content\/uploads\/2024\/02\/KOM-zur-Veroeffentlichung-auf-Ihrer-Homepage_neues-Logo-768x525-1.png","width":768,"height":525},{"@type":"BreadcrumbList","@id":"https:\/\/www.bc-handelsgmbh.de\/index.php\/impressum\/#breadcrumb","itemListElement":[{"@type":"ListItem","position":1,"name":"Startseite","item":"https:\/\/www.bc-handelsgmbh.de\/"},{"@type":"ListItem","position":2,"name":"Impressum"}]},{"@type":"WebSite","@id":"https:\/\/www.bc-handelsgmbh.de\/#website","url":"https:\/\/www.bc-handelsgmbh.de\/","name":"B&amp;C Handels GmbH","description":"","publisher":{"@id":"https:\/\/www.bc-handelsgmbh.de\/#organization"},"potentialAction":[{"@type":"SearchAction","target":{"@type":"EntryPoint","urlTemplate":"https:\/\/www.bc-handelsgmbh.de\/?s={search_term_string}"},"query-input":{"@type":"PropertyValueSpecification","valueRequired":true,"valueName":"search_term_string"}}],"inLanguage":"de-DE"},{"@type":"Organization","@id":"https:\/\/www.bc-handelsgmbh.de\/#organization","name":"B&amp;C Handels GmbH","url":"https:\/\/www.bc-handelsgmbh.de\/","logo":{"@type":"ImageObject","inLanguage":"de-DE","@id":"https:\/\/www.bc-handelsgmbh.de\/#\/schema\/logo\/image\/","url":"https:\/\/www.bc-handelsgmbh.de\/wp-content\/uploads\/2024\/01\/BC_Logo_DRD.png","contentUrl":"https:\/\/www.bc-handelsgmbh.de\/wp-content\/uploads\/2024\/01\/BC_Logo_DRD.png","width":640,"height":248,"caption":"B&amp;C Handels GmbH"},"image":{"@id":"https:\/\/www.bc-handelsgmbh.de\/#\/schema\/logo\/image\/"}}]}},"_links":{"self":[{"href":"https:\/\/www.bc-handelsgmbh.de\/index.php\/wp-json\/wp\/v2\/pages\/179"}],"collection":[{"href":"https:\/\/www.bc-handelsgmbh.de\/index.php\/wp-json\/wp\/v2\/pages"}],"about":[{"href":"https:\/\/www.bc-handelsgmbh.de\/index.php\/wp-json\/wp\/v2\/types\/page"}],"author":[{"embeddable":true,"href":"https:\/\/www.bc-handelsgmbh.de\/index.php\/wp-json\/wp\/v2\/users\/1"}],"replies":[{"embeddable":true,"href":"https:\/\/www.bc-handelsgmbh.de\/index.php\/wp-json\/wp\/v2\/comments?post=179"}],"version-history":[{"count":22,"href":"https:\/\/www.bc-handelsgmbh.de\/index.php\/wp-json\/wp\/v2\/pages\/179\/revisions"}],"predecessor-version":[{"id":792,"href":"https:\/\/www.bc-handelsgmbh.de\/index.php\/wp-json\/wp\/v2\/pages\/179\/revisions\/792"}],"wp:attachment":[{"href":"https:\/\/www.bc-handelsgmbh.de\/index.php\/wp-json\/wp\/v2\/media?parent=179"}],"curies":[{"name":"wp","href":"https:\/\/api.w.org\/{rel}","templated":true}]}}